{"id":7794,"date":"2022-01-28T16:37:03","date_gmt":"2022-01-28T15:37:03","guid":{"rendered":"https:\/\/justdeed.sk\/?page_id=7794"},"modified":"2023-07-23T09:31:28","modified_gmt":"2023-07-23T07:31:28","slug":"kontakt","status":"publish","type":"page","link":"https:\/\/justdeed.sk\/en\/kontakt\/","title":{"rendered":"Kontakt"},"content":{"rendered":"<div data-elementor-type=\"wp-page\" data-elementor-id=\"7794\" class=\"elementor elementor-7794\">\n\t\t\t\t\t\t<section class=\"elementor-section elementor-top-section elementor-element elementor-element-5a8b1945 elementor-section-boxed elementor-section-height-default elementor-section-height-default qodef-elementor-content-no\" data-id=\"5a8b1945\" data-element_type=\"section\">\n\t\t\t\t\t\t<div class=\"elementor-container elementor-column-gap-default\">\n\t\t\t\t\t<div class=\"elementor-column elementor-col-100 elementor-top-column elementor-element elementor-element-171ae6ad\" data-id=\"171ae6ad\" data-element_type=\"column\">\n\t\t\t<div class=\"elementor-widget-wrap elementor-element-populated\">\n\t\t\t\t\t\t<div class=\"elementor-element elementor-element-366f03e1 elementor-widget elementor-widget-text-editor\" data-id=\"366f03e1\" data-element_type=\"widget\" data-widget_type=\"text-editor.default\">\n\t\t\t\t<div class=\"elementor-widget-container\">\n\t\t\t\t\t\t\t<!DOCTYPE html>\n<html>\n<head>\n  <title>DEED &#8211; streetwear<\/title>\n  <style>\n    body {\n      font-family: \"Ubuntu\", sans-serif;\n      line-height: 1.6;\n      margin: 0;\n      padding: 0;\n      background-color: #F2F2F2;\n    }\n    h2 {\n      text-align: center;\n      margin-top: 40px;\n      color: #555;\n    }\n    .contact-info {\n      text-align: center;\n      margin: 30px auto;\n      max-width: 600px;\n      padding: 20px;\n      background-color: #FFF;\n      box-shadow: 0 0 10px rgba(0, 0, 0, 0.1);\n    }\n    .contact-info p {\n      font-size: 16px;\n      color: #444;\n    }\n    .contact-info strong {\n      font-size: 18px;\n      color: #111;\n    }\n    .contact-person {\n      font-size: 20px;\n      font-weight: bold;\n      margin-bottom: 5px;\n      color: #FF5733;\n    }\n    .contact-number {\n      font-size: 16px;\n      color: #222;\n    }\n    .social-links {\n      text-align: center;\n      margin-top: 20px;\n    }\n    .social-links a {\n      display: inline-block;\n      margin: 0 5px;\n      text-decoration: none;\n      color: #FFF;\n      background-color: #000;\n      border: 2px solid #000;\n      padding: 10px 20px;\n      font-size: 16px;\n      font-weight: bold;\n      transition: background-color 0.3s, color 0.3s;\n    }\n    .social-links a:hover {\n      background-color: #222;\n    }\n  <\/style>\n  <link href=\"https:\/\/fonts.googleapis.com\/css?family=Ubuntu&#038;display=swap\" rel=\"stylesheet\">\n<\/head>\n<body>\n  <h2 id=\"informacie\">INFORM\u00c1CIE<\/h2>\n  <div class=\"contact-info\">\n    <p class=\"contact-person\">Kontaktn\u00e1 osoba:<\/p>\n    <p class=\"contact-person\">Ing. Martin Kostov\u010d\u00edk<\/p>\n    <p class=\"contact-number\">Telef\u00f3nne \u010d\u00edslo: +421 917 521 945<\/p>\n    <p><strong>E-mail: martinkostovcik@justdeed.sk<\/strong><\/p>\n    <p><strong>Ing. So\u0148a Kostov\u010d\u00edkov\u00e1<\/strong><\/p>\n    <p><strong>\u010ceskoslovenskej arm\u00e1dy 4694\/4, 08001 Pre\u0161ov, Slovensko<\/strong><\/p>\n    <p><strong>\u010c\u00edslo \u017eivnostensk\u00e9ho registra: 750-50531<\/strong><\/p>\n    <p><strong>I\u010cO: 51695332<\/strong><\/p>\n    <p><strong>E-mail: shop@justdeed.sk<\/strong><\/p>\n  <\/div>\n\n  <div class=\"social-links\">\n    <a href=\"https:\/\/www.instagram.com\/justdeed.sk\/\">Instagram<\/a>\n    <a href=\"https:\/\/www.facebook.com\/justdeedd\">Facebook<\/a>\n  <\/div>\n<\/body>\n<\/html>\n\t\t\t\t\t\t<\/div>\n\t\t\t\t<\/div>\n\t\t\t\t\t<\/div>\n\t\t<\/div>\n\t\t\t\t\t<\/div>\n\t\t<\/section>\n\t\t\t\t<\/div>","protected":false},"excerpt":{"rendered":"<p>DEED &#8211; streetwear INFORM\u00c1CIE Kontaktn\u00e1 osoba: Ing. Martin Kostov\u010d\u00edk Telef\u00f3nne \u010d\u00edslo: +421 917 521 945 E-mail: martinkostovcik@justdeed.sk Ing. So\u0148a Kostov\u010d\u00edkov\u00e1 \u010ceskoslovenskej arm\u00e1dy 4694\/4, 08001 Pre\u0161ov, Slovensko \u010c\u00edslo \u017eivnostensk\u00e9ho registra: 750-50531 I\u010cO: 51695332 E-mail: shop@justdeed.sk Instagram Facebook<\/p>","protected":false},"author":2,"featured_media":0,"parent":0,"menu_order":0,"comment_status":"closed","ping_status":"closed","template":"","meta":{"footnotes":""},"class_list":["post-7794","page","type-page","status-publish","hentry"],"yoast_head":"<!-- This site is optimized with the Yoast SEO plugin v23.5 - https:\/\/yoast.com\/wordpress\/plugins\/seo\/ -->\n<title>KONTAKT - JUSTDEED<\/title>\n<meta name=\"description\" content=\"Kontakt - Nev\u00e1hajte n\u00e1s kontaktova\u0165 aj na instagrame cez @justdeed.sk\" \/>\n<meta name=\"robots\" content=\"index, follow, max-snippet:-1, max-image-preview:large, max-video-preview:-1\" \/>\n<link rel=\"canonical\" href=\"https:\/\/justdeed.sk\/en\/kontakt\/\" \/>\n<meta property=\"og:locale\" content=\"en_GB\" \/>\n<meta property=\"og:type\" content=\"article\" \/>\n<meta property=\"og:title\" content=\"KONTAKT - JUSTDEED\" \/>\n<meta property=\"og:description\" content=\"Kontakt - Nev\u00e1hajte n\u00e1s kontaktova\u0165 aj na instagrame cez @justdeed.sk\" \/>\n<meta property=\"og:url\" content=\"https:\/\/justdeed.sk\/en\/kontakt\/\" \/>\n<meta property=\"og:site_name\" content=\"DEED\" \/>\n<meta property=\"article:modified_time\" content=\"2023-07-23T07:31:28+00:00\" \/>\n<meta name=\"twitter:card\" content=\"summary_large_image\" \/>\n<meta name=\"twitter:label1\" content=\"Estimated reading time\" \/>\n\t<meta name=\"twitter:data1\" content=\"3 minutes\" \/>\n<script type=\"application\/ld+json\" class=\"yoast-schema-graph\">{\"@context\":\"https:\/\/schema.org\",\"@graph\":[{\"@type\":\"WebPage\",\"@id\":\"https:\/\/justdeed.sk\/kontakt\/\",\"url\":\"https:\/\/justdeed.sk\/kontakt\/\",\"name\":\"KONTAKT - JUSTDEED\",\"isPartOf\":{\"@id\":\"https:\/\/justdeed.sk\/#website\"},\"datePublished\":\"2022-01-28T15:37:03+00:00\",\"dateModified\":\"2023-07-23T07:31:28+00:00\",\"description\":\"Kontakt - Nev\u00e1hajte n\u00e1s kontaktova\u0165 aj na instagrame cez @justdeed.sk\",\"breadcrumb\":{\"@id\":\"https:\/\/justdeed.sk\/kontakt\/#breadcrumb\"},\"inLanguage\":\"en-GB\",\"potentialAction\":[{\"@type\":\"ReadAction\",\"target\":[\"https:\/\/justdeed.sk\/kontakt\/\"]}]},{\"@type\":\"BreadcrumbList\",\"@id\":\"https:\/\/justdeed.sk\/kontakt\/#breadcrumb\",\"itemListElement\":[{\"@type\":\"ListItem\",\"position\":1,\"name\":\"Domovsk\u00e1 str\u00e1nka\",\"item\":\"https:\/\/justdeed.sk\/\"},{\"@type\":\"ListItem\",\"position\":2,\"name\":\"Kontakt\"}]},{\"@type\":\"WebSite\",\"@id\":\"https:\/\/justdeed.sk\/#website\",\"url\":\"https:\/\/justdeed.sk\/\",\"name\":\"DEED\",\"description\":\"Umenie, ktor\u00e9 si oble\u010die\u0161\",\"publisher\":{\"@id\":\"https:\/\/justdeed.sk\/#organization\"},\"potentialAction\":[{\"@type\":\"SearchAction\",\"target\":{\"@type\":\"EntryPoint\",\"urlTemplate\":\"https:\/\/justdeed.sk\/?s={search_term_string}\"},\"query-input\":{\"@type\":\"PropertyValueSpecification\",\"valueRequired\":true,\"valueName\":\"search_term_string\"}}],\"inLanguage\":\"en-GB\"},{\"@type\":\"Organization\",\"@id\":\"https:\/\/justdeed.sk\/#organization\",\"name\":\"JustDeed\",\"url\":\"https:\/\/justdeed.sk\/\",\"logo\":{\"@type\":\"ImageObject\",\"inLanguage\":\"en-GB\",\"@id\":\"https:\/\/justdeed.sk\/#\/schema\/logo\/image\/\",\"url\":\"https:\/\/justdeed.sk\/wp-content\/uploads\/2022\/02\/deed-nigger-logo.png\",\"contentUrl\":\"https:\/\/justdeed.sk\/wp-content\/uploads\/2022\/02\/deed-nigger-logo.png\",\"width\":2550,\"height\":2550,\"caption\":\"JustDeed\"},\"image\":{\"@id\":\"https:\/\/justdeed.sk\/#\/schema\/logo\/image\/\"}}]}<\/script>\n<!-- \/ Yoast SEO plugin. -->","yoast_head_json":{"title":"KONTAKT - JUSTDEED","description":"Kontakt - Nev\u00e1hajte n\u00e1s kontaktova\u0165 aj na instagrame cez @justdeed.sk","robots":{"index":"index","follow":"follow","max-snippet":"max-snippet:-1","max-image-preview":"max-image-preview:large","max-video-preview":"max-video-preview:-1"},"canonical":"https:\/\/justdeed.sk\/en\/kontakt\/","og_locale":"en_GB","og_type":"article","og_title":"KONTAKT - JUSTDEED","og_description":"Kontakt - Nev\u00e1hajte n\u00e1s kontaktova\u0165 aj na instagrame cez @justdeed.sk","og_url":"https:\/\/justdeed.sk\/en\/kontakt\/","og_site_name":"DEED","article_modified_time":"2023-07-23T07:31:28+00:00","twitter_card":"summary_large_image","twitter_misc":{"Estimated reading time":"3 minutes"},"schema":{"@context":"https:\/\/schema.org","@graph":[{"@type":"WebPage","@id":"https:\/\/justdeed.sk\/kontakt\/","url":"https:\/\/justdeed.sk\/kontakt\/","name":"KONTAKT - JUSTDEED","isPartOf":{"@id":"https:\/\/justdeed.sk\/#website"},"datePublished":"2022-01-28T15:37:03+00:00","dateModified":"2023-07-23T07:31:28+00:00","description":"Kontakt - Nev\u00e1hajte n\u00e1s kontaktova\u0165 aj na instagrame cez @justdeed.sk","breadcrumb":{"@id":"https:\/\/justdeed.sk\/kontakt\/#breadcrumb"},"inLanguage":"en-GB","potentialAction":[{"@type":"ReadAction","target":["https:\/\/justdeed.sk\/kontakt\/"]}]},{"@type":"BreadcrumbList","@id":"https:\/\/justdeed.sk\/kontakt\/#breadcrumb","itemListElement":[{"@type":"ListItem","position":1,"name":"Domovsk\u00e1 str\u00e1nka","item":"https:\/\/justdeed.sk\/"},{"@type":"ListItem","position":2,"name":"Kontakt"}]},{"@type":"WebSite","@id":"https:\/\/justdeed.sk\/#website","url":"https:\/\/justdeed.sk\/","name":"DEED","description":"Umenie, ktor\u00e9 si oble\u010die\u0161","publisher":{"@id":"https:\/\/justdeed.sk\/#organization"},"potentialAction":[{"@type":"SearchAction","target":{"@type":"EntryPoint","urlTemplate":"https:\/\/justdeed.sk\/?s={search_term_string}"},"query-input":{"@type":"PropertyValueSpecification","valueRequired":true,"valueName":"search_term_string"}}],"inLanguage":"en-GB"},{"@type":"Organization","@id":"https:\/\/justdeed.sk\/#organization","name":"JustDeed","url":"https:\/\/justdeed.sk\/","logo":{"@type":"ImageObject","inLanguage":"en-GB","@id":"https:\/\/justdeed.sk\/#\/schema\/logo\/image\/","url":"https:\/\/justdeed.sk\/wp-content\/uploads\/2022\/02\/deed-nigger-logo.png","contentUrl":"https:\/\/justdeed.sk\/wp-content\/uploads\/2022\/02\/deed-nigger-logo.png","width":2550,"height":2550,"caption":"JustDeed"},"image":{"@id":"https:\/\/justdeed.sk\/#\/schema\/logo\/image\/"}}]}},"jetpack_sharing_enabled":true,"_links":{"self":[{"href":"https:\/\/justdeed.sk\/en\/wp-json\/wp\/v2\/pages\/7794"}],"collection":[{"href":"https:\/\/justdeed.sk\/en\/wp-json\/wp\/v2\/pages"}],"about":[{"href":"https:\/\/justdeed.sk\/en\/wp-json\/wp\/v2\/types\/page"}],"author":[{"embeddable":true,"href":"https:\/\/justdeed.sk\/en\/wp-json\/wp\/v2\/users\/2"}],"replies":[{"embeddable":true,"href":"https:\/\/justdeed.sk\/en\/wp-json\/wp\/v2\/comments?post=7794"}],"version-history":[{"count":0,"href":"https:\/\/justdeed.sk\/en\/wp-json\/wp\/v2\/pages\/7794\/revisions"}],"wp:attachment":[{"href":"https:\/\/justdeed.sk\/en\/wp-json\/wp\/v2\/media?parent=7794"}],"curies":[{"name":"wp","href":"https:\/\/api.w.org\/{rel}","templated":true}]}}